{"id":15,"date":"2022-11-19T22:06:20","date_gmt":"2022-11-19T21:06:20","guid":{"rendered":"https:\/\/maudemplois.fr\/?page_id=15"},"modified":"2025-07-22T12:40:18","modified_gmt":"2025-07-22T10:40:18","slug":"contact-maud-emplois-bilan-de-competences","status":"publish","type":"page","link":"https:\/\/maudemplois.fr\/index.php\/contact-maud-emplois-bilan-de-competences\/","title":{"rendered":"Contact"},"content":{"rendered":"\n<h2 class=\"wp-block-heading has-text-align-center\">Un projet ? Une h\u00e9sitation ? une question ?<\/h2>\n\n\n\n<p class=\"has-text-align-center\" style=\"font-size:30px\"><strong>Contactez moi !<\/strong><\/p>\n\n\n\n<p style=\"font-size:19px\">mail : maudemplois@gmail.com ou via le formulaire :<\/p>\n\n\n<div class='fluentform ff-default fluentform_wrapper_3  ff_guten_block ffs_default_wrap'><form data-form_id=\"3\" id=\"fluentform_3\" class=\"frm-fluent-form fluent_form_3 ff-el-form-top ff_form_instance_3_1 ff-form-loading ffs_default\" data-form_instance=\"ff_form_instance_3_1\" method=\"POST\" ><fieldset  style=\"border: none!important;margin: 0!important;padding: 0!important;background-color: transparent!important;box-shadow: none!important;outline: none!important; min-inline-size: 100%;\">\n                    <legend class=\"ff_screen_reader_title\" style=\"display: block; margin: 0!important;padding: 0!important;height: 0!important;text-indent: -999999px;width: 0!important;overflow:hidden;\">Contact<\/legend><input type='hidden' name='__fluent_form_embded_post_id' value='15' \/><input type=\"hidden\" id=\"_fluentform_3_fluentformnonce\" name=\"_fluentform_3_fluentformnonce\" value=\"513de7023e\" \/><input type=\"hidden\" name=\"_wp_http_referer\" value=\"\/index.php\/wp-json\/wp\/v2\/pages\/15\" \/><div data-type=\"name-element\" data-name=\"names\" class=\" ff-field_container ff-name-field-wrapper\" ><div class='ff-t-container'><div class='ff-t-cell '><div class='ff-el-group'><div class=\"ff-el-input--label ff-el-is-required asterisk-right\"><label for='ff_3_names_first_name_' >Nom<\/label><\/div><div class='ff-el-input--content'><input type=\"text\" name=\"names[first_name]\" id=\"ff_3_names_first_name_\" class=\"ff-el-form-control\" placeholder=\"Nom\" aria-invalid=\"false\" aria-required=true><\/div><\/div><\/div><div class='ff-t-cell '><div class='ff-el-group'><div class=\"ff-el-input--label ff-el-is-required asterisk-right\"><label for='ff_3_names_last_name_' >Pr\u00e9nom<\/label><\/div><div class='ff-el-input--content'><input type=\"text\" name=\"names[last_name]\" id=\"ff_3_names_last_name_\" class=\"ff-el-form-control\" placeholder=\"Pr\u00e9nom\" aria-invalid=\"false\" aria-required=true><\/div><\/div><\/div><\/div><\/div><div class='ff-el-group'><div class=\"ff-el-input--label ff-el-is-required asterisk-right\"><label for='ff_3_email' aria-label=\"Email\">Email<\/label><\/div><div class='ff-el-input--content'><input type=\"email\" name=\"email\" id=\"ff_3_email\" class=\"ff-el-form-control\" placeholder=\"Votre adresse mail\" data-name=\"email\"  aria-invalid=\"false\" aria-required=true><\/div><\/div><div class='ff-el-group'><div class=\"ff-el-input--label ff-el-is-required asterisk-right\"><label for='ff_3_multi_select' aria-label=\"Vous \u00eates\">Vous \u00eates<\/label><\/div><div class='ff-el-input--content'><select name=\"multi_select[]\" id=\"ff_3_multi_select\" class=\"ff-el-form-control  ff_has_multi_select\" multiple=\"1\" data-name=\"multi_select\" data-max_selected_options=\"1\" data-calc_value=\"0\"  aria-invalid=\"false\" aria-required=true><option value=\"Une entreprise\"  >Une entreprise<\/option><option value=\"Un particulier\"  >Un particulier<\/option><option value=\"Une association\"  >Une association<\/option><option value=\"Autre\"  >Autre<\/option><\/select><\/div><\/div><div class='ff-el-group'><div class=\"ff-el-input--label ff-el-is-required asterisk-right\"><label for='ff_3_multi_select_1' aria-label=\"Votre demande concerne\">Votre demande concerne<\/label><\/div><div class='ff-el-input--content'><select name=\"multi_select_1[]\" id=\"ff_3_multi_select_1\" class=\"ff-el-form-control  ff_has_multi_select\" multiple=\"1\" data-name=\"multi_select_1\" data-max_selected_options=\"1\" data-calc_value=\"0\"  aria-invalid=\"false\" aria-required=true><option value=\"Le Vis'Avenir\"  >Le Vis&rsquo;Avenir<\/option><option value=\"Le bilan de comp\u00e9tence\"  >Le bilan de comp\u00e9tence<\/option><option value=\"Le r\u00e9f\u00e9rent handicap externalis\u00e9\"  >Le r\u00e9f\u00e9rent handicap externalis\u00e9<\/option><option value=\"La prestation RH sur mesure\"  >La prestation RH sur mesure<\/option><\/select><\/div><\/div><div class='ff-el-group'><div class=\"ff-el-input--label ff-el-is-required asterisk-right\"><label for='ff_3_message' aria-label=\"Votre message\">Votre message<\/label><\/div><div class='ff-el-input--content'><textarea aria-invalid=\"false\" aria-required=true name=\"message\" id=\"ff_3_message\" class=\"ff-el-form-control\" placeholder=\"Votre message\" rows=\"8\" cols=\"2\" data-name=\"message\" ><\/textarea><\/div><\/div><div class='ff-el-group'><div class=\"ff-el-input--label ff-el-is-required asterisk-right\"><label  aria-label=\"Politique de confidentialit\u00e9\">Politique de confidentialit\u00e9<\/label><\/div><div class='ff-el-input--content'><div class='ff-el-form-check ff-el-form-check-'><label class='ff-el-form-check-label' for=checkbox_4110585d67a645ea7ac3fe941faab721><input  type=\"checkbox\" name=\"checkbox[]\" data-name=\"checkbox\" class=\"ff-el-form-check-input ff-el-form-check-checkbox\" value=\"J\u2019accepte que les informations saisies soient utilis\u00e9es uniquement dans le cadre de ma demande de contact et de la relation commerciale qui peut en d\u00e9couler. Aucune donn\u00e9e ne sera c\u00e9d\u00e9e ou utilis\u00e9e \u00e0 d\u2019autres fins. Pour en savoir plus, consultez la politique de confidentialit\u00e9 du site.\"  id='checkbox_4110585d67a645ea7ac3fe941faab721' aria-label='J\u2019accepte que les informations saisies soient utilis\u00e9es uniquement dans le cadre de ma demande de contact et de la relation commerciale qui peut en d\u00e9couler. Aucune donn\u00e9e ne sera c\u00e9d\u00e9e ou utilis\u00e9e \u00e0 d\u2019autres fins. Pour en savoir plus, consultez la politique de confidentialit\u00e9 du site.' aria-invalid='false' aria-required=true> <span>J\u2019accepte que les informations saisies soient utilis\u00e9es uniquement dans le cadre de ma demande de contact et de la relation commerciale qui peut en d\u00e9couler. Aucune donn\u00e9e ne sera c\u00e9d\u00e9e ou utilis\u00e9e \u00e0 d\u2019autres fins. Pour en savoir plus, consultez la politique de confidentialit\u00e9 du site.<\/span><\/label><\/div><\/div><\/div><div class='ff-el-group ff-text-left ff_submit_btn_wrapper'><button type=\"submit\" class=\"ff-btn ff-btn-submit ff-btn-md ff_btn_style\" >Envoyer mon message<\/button><\/div><\/fieldset><\/form><div id='fluentform_3_errors' class='ff-errors-in-stack ff_form_instance_3_1 ff-form-loading_errors ff_form_instance_3_1_errors'><\/div><\/div>        <script type=\"text\/javascript\">\n            window.fluent_form_ff_form_instance_3_1 = {\"id\":\"3\",\"settings\":{\"layout\":{\"labelPlacement\":\"top\",\"helpMessagePlacement\":\"with_label\",\"errorMessagePlacement\":\"inline\",\"cssClassName\":\"\",\"asteriskPlacement\":\"asterisk-right\"},\"restrictions\":{\"denyEmptySubmission\":{\"enabled\":false}}},\"form_instance\":\"ff_form_instance_3_1\",\"form_id_selector\":\"fluentform_3\",\"rules\":{\"names[first_name]\":{\"required\":{\"value\":true,\"message\":\"Pr\\u00e9cisez votre nom\",\"global\":false,\"global_message\":\"Ce champ est obligatoire\"}},\"names[middle_name]\":{\"required\":{\"value\":false,\"message\":\"This field is required\",\"global\":false,\"global_message\":\"Ce champ est obligatoire\"}},\"names[last_name]\":{\"required\":{\"value\":true,\"message\":\"Pr\\u00e9cisez votre pr\\u00e9nom\",\"global\":false,\"global_message\":\"Ce champ est obligatoire\"}},\"email\":{\"required\":{\"value\":true,\"message\":\"Pr\\u00e9cisez votre adresse mail\",\"global\":false,\"global_message\":\"Ce champ est obligatoire\"},\"email\":{\"value\":true,\"message\":\"Votre adresse mail est incorrecte\",\"global\":false,\"global_message\":\"Ce champ doit contenir un e-mail valide\"}},\"multi_select\":{\"required\":{\"value\":true,\"message\":\"Ce champ est obligatoire\",\"global_message\":\"Ce champ est obligatoire\",\"global\":true}},\"multi_select_1\":{\"required\":{\"value\":true,\"message\":\"Ce champ est obligatoire\",\"global_message\":\"Ce champ est obligatoire\",\"global\":true}},\"message\":{\"required\":{\"value\":true,\"message\":\"Pr\\u00e9cisez votre message\",\"global\":false,\"global_message\":\"Ce champ est obligatoire\"}},\"checkbox\":{\"required\":{\"value\":true,\"message\":\"Ce champ est obligatoire\",\"global_message\":\"Ce champ est obligatoire\",\"global\":true}}},\"debounce_time\":300};\n                    <\/script>\n        ","protected":false},"excerpt":{"rendered":"<p>Un projet ? Une h\u00e9sitation ? une question ? Contactez moi ! mail : maudemplois@gmail.com ou via le formulaire :<\/p>\n","protected":false},"author":1,"featured_media":111,"parent":0,"menu_order":0,"comment_status":"closed","ping_status":"closed","template":"elementor_theme","meta":{"footnotes":""},"class_list":["post-15","page","type-page","status-publish","has-post-thumbnail","hentry"],"yoast_head":"<!-- This site is optimized with the Yoast SEO plugin v25.5 - https:\/\/yoast.com\/wordpress\/plugins\/seo\/ -->\n<title>Contact - Maud Emplois Bilan de comp\u00e9tences<\/title>\n<meta name=\"description\" content=\"Un projet, une h\u00e9sitation, une question. Je mets mon exp\u00e9rience \u00e0 votre service. Contact - Maud Emplois pour votre bilan de comp\u00e9tences\" \/>\n<meta name=\"robots\" content=\"index, follow, max-snippet:-1, max-image-preview:large, max-video-preview:-1\" \/>\n<link rel=\"canonical\" href=\"https:\/\/maudemplois.fr\/index.php\/contact-maud-emplois-bilan-de-competences\/\" \/>\n<meta property=\"og:locale\" content=\"fr_FR\" \/>\n<meta property=\"og:type\" content=\"article\" \/>\n<meta property=\"og:title\" content=\"Contact - Maud Emplois Bilan de comp\u00e9tences\" \/>\n<meta property=\"og:description\" content=\"Un projet, une h\u00e9sitation, une question. Je mets mon exp\u00e9rience \u00e0 votre service. Contact - Maud Emplois pour votre bilan de comp\u00e9tences\" \/>\n<meta property=\"og:url\" content=\"https:\/\/maudemplois.fr\/index.php\/contact-maud-emplois-bilan-de-competences\/\" \/>\n<meta property=\"og:site_name\" content=\"Maud Emplois\" \/>\n<meta property=\"article:modified_time\" content=\"2025-07-22T10:40:18+00:00\" \/>\n<meta property=\"og:image\" content=\"https:\/\/maudemplois.fr\/wp-content\/uploads\/2022\/11\/cropped-LOGO-e1668897905708.jpg\" \/>\n\t<meta property=\"og:image:width\" content=\"277\" \/>\n\t<meta property=\"og:image:height\" content=\"166\" \/>\n\t<meta property=\"og:image:type\" content=\"image\/jpeg\" \/>\n<meta name=\"twitter:card\" content=\"summary_large_image\" \/>\n<meta name=\"twitter:label1\" content=\"Dur\u00e9e de lecture estim\u00e9e\" \/>\n\t<meta name=\"twitter:data1\" content=\"1 minute\" \/>\n<script type=\"application\/ld+json\" class=\"yoast-schema-graph\">{\"@context\":\"https:\/\/schema.org\",\"@graph\":[{\"@type\":\"WebPage\",\"@id\":\"https:\/\/maudemplois.fr\/index.php\/contact-maud-emplois-bilan-de-competences\/\",\"url\":\"https:\/\/maudemplois.fr\/index.php\/contact-maud-emplois-bilan-de-competences\/\",\"name\":\"Contact - Maud Emplois Bilan de comp\u00e9tences\",\"isPartOf\":{\"@id\":\"http:\/\/maudemplois.fr\/#website\"},\"primaryImageOfPage\":{\"@id\":\"https:\/\/maudemplois.fr\/index.php\/contact-maud-emplois-bilan-de-competences\/#primaryimage\"},\"image\":{\"@id\":\"https:\/\/maudemplois.fr\/index.php\/contact-maud-emplois-bilan-de-competences\/#primaryimage\"},\"thumbnailUrl\":\"https:\/\/maudemplois.fr\/wp-content\/uploads\/2022\/11\/cropped-LOGO-e1668897905708.jpg\",\"datePublished\":\"2022-11-19T21:06:20+00:00\",\"dateModified\":\"2025-07-22T10:40:18+00:00\",\"description\":\"Un projet, une h\u00e9sitation, une question. Je mets mon exp\u00e9rience \u00e0 votre service. Contact - Maud Emplois pour votre bilan de comp\u00e9tences\",\"breadcrumb\":{\"@id\":\"https:\/\/maudemplois.fr\/index.php\/contact-maud-emplois-bilan-de-competences\/#breadcrumb\"},\"inLanguage\":\"fr-FR\",\"potentialAction\":[{\"@type\":\"ReadAction\",\"target\":[\"https:\/\/maudemplois.fr\/index.php\/contact-maud-emplois-bilan-de-competences\/\"]}]},{\"@type\":\"ImageObject\",\"inLanguage\":\"fr-FR\",\"@id\":\"https:\/\/maudemplois.fr\/index.php\/contact-maud-emplois-bilan-de-competences\/#primaryimage\",\"url\":\"https:\/\/maudemplois.fr\/wp-content\/uploads\/2022\/11\/cropped-LOGO-e1668897905708.jpg\",\"contentUrl\":\"https:\/\/maudemplois.fr\/wp-content\/uploads\/2022\/11\/cropped-LOGO-e1668897905708.jpg\",\"width\":277,\"height\":166,\"caption\":\"Logo de Maud Emplois\"},{\"@type\":\"BreadcrumbList\",\"@id\":\"https:\/\/maudemplois.fr\/index.php\/contact-maud-emplois-bilan-de-competences\/#breadcrumb\",\"itemListElement\":[{\"@type\":\"ListItem\",\"position\":1,\"name\":\"Accueil\",\"item\":\"http:\/\/maudemplois.fr\/\"},{\"@type\":\"ListItem\",\"position\":2,\"name\":\"Contact - Maud Emplois - Doubs\"}]},{\"@type\":\"WebSite\",\"@id\":\"http:\/\/maudemplois.fr\/#website\",\"url\":\"http:\/\/maudemplois.fr\/\",\"name\":\"Maud Emplois\",\"description\":\"Bilan de comp\u00e9tences\",\"publisher\":{\"@id\":\"http:\/\/maudemplois.fr\/#\/schema\/person\/3a4bbbc3673d5dc2cbfa4459b85e8e17\"},\"potentialAction\":[{\"@type\":\"SearchAction\",\"target\":{\"@type\":\"EntryPoint\",\"urlTemplate\":\"http:\/\/maudemplois.fr\/?s={search_term_string}\"},\"query-input\":{\"@type\":\"PropertyValueSpecification\",\"valueRequired\":true,\"valueName\":\"search_term_string\"}}],\"inLanguage\":\"fr-FR\"},{\"@type\":[\"Person\",\"Organization\"],\"@id\":\"http:\/\/maudemplois.fr\/#\/schema\/person\/3a4bbbc3673d5dc2cbfa4459b85e8e17\",\"name\":\"admin5956\",\"image\":{\"@type\":\"ImageObject\",\"inLanguage\":\"fr-FR\",\"@id\":\"http:\/\/maudemplois.fr\/#\/schema\/person\/image\/\",\"url\":\"https:\/\/maudemplois.fr\/wp-content\/uploads\/2025\/07\/cropped-cropped-logo-1024x643.bmp\",\"contentUrl\":\"https:\/\/maudemplois.fr\/wp-content\/uploads\/2025\/07\/cropped-cropped-logo-1024x643.bmp\",\"width\":1024,\"height\":643,\"caption\":\"admin5956\"},\"logo\":{\"@id\":\"http:\/\/maudemplois.fr\/#\/schema\/person\/image\/\"},\"sameAs\":[\"http:\/\/maudemplois.fr\",\"https:\/\/fr.linkedin.com\/in\/maud-radojkovic-7ab389250\"]}]}<\/script>\n<!-- \/ Yoast SEO plugin. -->","yoast_head_json":{"title":"Contact - Maud Emplois Bilan de comp\u00e9tences","description":"Un projet, une h\u00e9sitation, une question. Je mets mon exp\u00e9rience \u00e0 votre service. Contact - Maud Emplois pour votre bilan de comp\u00e9tences","robots":{"index":"index","follow":"follow","max-snippet":"max-snippet:-1","max-image-preview":"max-image-preview:large","max-video-preview":"max-video-preview:-1"},"canonical":"https:\/\/maudemplois.fr\/index.php\/contact-maud-emplois-bilan-de-competences\/","og_locale":"fr_FR","og_type":"article","og_title":"Contact - Maud Emplois Bilan de comp\u00e9tences","og_description":"Un projet, une h\u00e9sitation, une question. Je mets mon exp\u00e9rience \u00e0 votre service. Contact - Maud Emplois pour votre bilan de comp\u00e9tences","og_url":"https:\/\/maudemplois.fr\/index.php\/contact-maud-emplois-bilan-de-competences\/","og_site_name":"Maud Emplois","article_modified_time":"2025-07-22T10:40:18+00:00","og_image":[{"width":277,"height":166,"url":"https:\/\/maudemplois.fr\/wp-content\/uploads\/2022\/11\/cropped-LOGO-e1668897905708.jpg","type":"image\/jpeg"}],"twitter_card":"summary_large_image","twitter_misc":{"Dur\u00e9e de lecture estim\u00e9e":"1 minute"},"schema":{"@context":"https:\/\/schema.org","@graph":[{"@type":"WebPage","@id":"https:\/\/maudemplois.fr\/index.php\/contact-maud-emplois-bilan-de-competences\/","url":"https:\/\/maudemplois.fr\/index.php\/contact-maud-emplois-bilan-de-competences\/","name":"Contact - Maud Emplois Bilan de comp\u00e9tences","isPartOf":{"@id":"http:\/\/maudemplois.fr\/#website"},"primaryImageOfPage":{"@id":"https:\/\/maudemplois.fr\/index.php\/contact-maud-emplois-bilan-de-competences\/#primaryimage"},"image":{"@id":"https:\/\/maudemplois.fr\/index.php\/contact-maud-emplois-bilan-de-competences\/#primaryimage"},"thumbnailUrl":"https:\/\/maudemplois.fr\/wp-content\/uploads\/2022\/11\/cropped-LOGO-e1668897905708.jpg","datePublished":"2022-11-19T21:06:20+00:00","dateModified":"2025-07-22T10:40:18+00:00","description":"Un projet, une h\u00e9sitation, une question. Je mets mon exp\u00e9rience \u00e0 votre service. Contact - Maud Emplois pour votre bilan de comp\u00e9tences","breadcrumb":{"@id":"https:\/\/maudemplois.fr\/index.php\/contact-maud-emplois-bilan-de-competences\/#breadcrumb"},"inLanguage":"fr-FR","potentialAction":[{"@type":"ReadAction","target":["https:\/\/maudemplois.fr\/index.php\/contact-maud-emplois-bilan-de-competences\/"]}]},{"@type":"ImageObject","inLanguage":"fr-FR","@id":"https:\/\/maudemplois.fr\/index.php\/contact-maud-emplois-bilan-de-competences\/#primaryimage","url":"https:\/\/maudemplois.fr\/wp-content\/uploads\/2022\/11\/cropped-LOGO-e1668897905708.jpg","contentUrl":"https:\/\/maudemplois.fr\/wp-content\/uploads\/2022\/11\/cropped-LOGO-e1668897905708.jpg","width":277,"height":166,"caption":"Logo de Maud Emplois"},{"@type":"BreadcrumbList","@id":"https:\/\/maudemplois.fr\/index.php\/contact-maud-emplois-bilan-de-competences\/#breadcrumb","itemListElement":[{"@type":"ListItem","position":1,"name":"Accueil","item":"http:\/\/maudemplois.fr\/"},{"@type":"ListItem","position":2,"name":"Contact - Maud Emplois - Doubs"}]},{"@type":"WebSite","@id":"http:\/\/maudemplois.fr\/#website","url":"http:\/\/maudemplois.fr\/","name":"Maud Emplois","description":"Bilan de comp\u00e9tences","publisher":{"@id":"http:\/\/maudemplois.fr\/#\/schema\/person\/3a4bbbc3673d5dc2cbfa4459b85e8e17"},"potentialAction":[{"@type":"SearchAction","target":{"@type":"EntryPoint","urlTemplate":"http:\/\/maudemplois.fr\/?s={search_term_string}"},"query-input":{"@type":"PropertyValueSpecification","valueRequired":true,"valueName":"search_term_string"}}],"inLanguage":"fr-FR"},{"@type":["Person","Organization"],"@id":"http:\/\/maudemplois.fr\/#\/schema\/person\/3a4bbbc3673d5dc2cbfa4459b85e8e17","name":"admin5956","image":{"@type":"ImageObject","inLanguage":"fr-FR","@id":"http:\/\/maudemplois.fr\/#\/schema\/person\/image\/","url":"https:\/\/maudemplois.fr\/wp-content\/uploads\/2025\/07\/cropped-cropped-logo-1024x643.bmp","contentUrl":"https:\/\/maudemplois.fr\/wp-content\/uploads\/2025\/07\/cropped-cropped-logo-1024x643.bmp","width":1024,"height":643,"caption":"admin5956"},"logo":{"@id":"http:\/\/maudemplois.fr\/#\/schema\/person\/image\/"},"sameAs":["http:\/\/maudemplois.fr","https:\/\/fr.linkedin.com\/in\/maud-radojkovic-7ab389250"]}]}},"_links":{"self":[{"href":"https:\/\/maudemplois.fr\/index.php\/wp-json\/wp\/v2\/pages\/15","targetHints":{"allow":["GET"]}}],"collection":[{"href":"https:\/\/maudemplois.fr\/index.php\/wp-json\/wp\/v2\/pages"}],"about":[{"href":"https:\/\/maudemplois.fr\/index.php\/wp-json\/wp\/v2\/types\/page"}],"author":[{"embeddable":true,"href":"https:\/\/maudemplois.fr\/index.php\/wp-json\/wp\/v2\/users\/1"}],"replies":[{"embeddable":true,"href":"https:\/\/maudemplois.fr\/index.php\/wp-json\/wp\/v2\/comments?post=15"}],"version-history":[{"count":42,"href":"https:\/\/maudemplois.fr\/index.php\/wp-json\/wp\/v2\/pages\/15\/revisions"}],"predecessor-version":[{"id":743,"href":"https:\/\/maudemplois.fr\/index.php\/wp-json\/wp\/v2\/pages\/15\/revisions\/743"}],"wp:featuredmedia":[{"embeddable":true,"href":"https:\/\/maudemplois.fr\/index.php\/wp-json\/wp\/v2\/media\/111"}],"wp:attachment":[{"href":"https:\/\/maudemplois.fr\/index.php\/wp-json\/wp\/v2\/media?parent=15"}],"curies":[{"name":"wp","href":"https:\/\/api.w.org\/{rel}","templated":true}]}}